{"id":31,"date":"2023-09-14T14:11:29","date_gmt":"2023-09-14T14:11:29","guid":{"rendered":"http:\/\/bemeestar.com.br\/Bemestar\/?page_id=31"},"modified":"2024-02-08T14:50:41","modified_gmt":"2024-02-08T14:50:41","slug":"junte-se-ao-time","status":"publish","type":"page","link":"https:\/\/bemeestar.com.br\/Bemestar\/junte-se-ao-time\/","title":{"rendered":"Junte-se ao Time"},"content":{"rendered":"\t\t<div data-elementor-type=\"wp-page\" data-elementor-id=\"31\" class=\"elementor elementor-31\">\n\t\t\t\t<div class=\"elementor-element elementor-element-6c001d7 e-flex e-con-boxed e-con e-parent\" data-id=\"6c001d7\" data-element_type=\"container\">\n\t\t\t\t\t<div class=\"e-con-inner\">\n\t\t\t\t<div class=\"elementor-element elementor-element-bb8fecd hfe-nav-menu__align-center hfe-nav-menu__theme-icon-no hfe-submenu-icon-arrow hfe-submenu-animation-none hfe-link-redirect-child hfe-nav-menu__breakpoint-tablet elementor-widget elementor-widget-navigation-menu\" data-id=\"bb8fecd\" data-element_type=\"widget\" data-settings=\"{&quot;padding_horizontal_menu_item&quot;:{&quot;unit&quot;:&quot;px&quot;,&quot;size&quot;:15,&quot;sizes&quot;:[]},&quot;padding_horizontal_menu_item_tablet&quot;:{&quot;unit&quot;:&quot;px&quot;,&quot;size&quot;:&quot;&quot;,&quot;sizes&quot;:[]},&quot;padding_horizontal_menu_item_mobile&quot;:{&quot;unit&quot;:&quot;px&quot;,&quot;size&quot;:&quot;&quot;,&quot;sizes&quot;:[]},&quot;padding_vertical_menu_item&quot;:{&quot;unit&quot;:&quot;px&quot;,&quot;size&quot;:15,&quot;sizes&quot;:[]},&quot;padding_vertical_menu_item_tablet&quot;:{&quot;unit&quot;:&quot;px&quot;,&quot;size&quot;:&quot;&quot;,&quot;sizes&quot;:[]},&quot;padding_vertical_menu_item_mobile&quot;:{&quot;unit&quot;:&quot;px&quot;,&quot;size&quot;:&quot;&quot;,&quot;sizes&quot;:[]},&quot;menu_space_between&quot;:{&quot;unit&quot;:&quot;px&quot;,&quot;size&quot;:&quot;&quot;,&quot;sizes&quot;:[]},&quot;menu_space_between_tablet&quot;:{&quot;unit&quot;:&quot;px&quot;,&quot;size&quot;:&quot;&quot;,&quot;sizes&quot;:[]},&quot;menu_space_between_mobile&quot;:{&quot;unit&quot;:&quot;px&quot;,&quot;size&quot;:&quot;&quot;,&quot;sizes&quot;:[]},&quot;menu_row_space&quot;:{&quot;unit&quot;:&quot;px&quot;,&quot;size&quot;:&quot;&quot;,&quot;sizes&quot;:[]},&quot;menu_row_space_tablet&quot;:{&quot;unit&quot;:&quot;px&quot;,&quot;size&quot;:&quot;&quot;,&quot;sizes&quot;:[]},&quot;menu_row_space_mobile&quot;:{&quot;unit&quot;:&quot;px&quot;,&quot;size&quot;:&quot;&quot;,&quot;sizes&quot;:[]},&quot;dropdown_border_radius&quot;:{&quot;unit&quot;:&quot;px&quot;,&quot;top&quot;:&quot;&quot;,&quot;right&quot;:&quot;&quot;,&quot;bottom&quot;:&quot;&quot;,&quot;left&quot;:&quot;&quot;,&quot;isLinked&quot;:true},&quot;dropdown_border_radius_tablet&quot;:{&quot;unit&quot;:&quot;px&quot;,&quot;top&quot;:&quot;&quot;,&quot;right&quot;:&quot;&quot;,&quot;bottom&quot;:&quot;&quot;,&quot;left&quot;:&quot;&quot;,&quot;isLinked&quot;:true},&quot;dropdown_border_radius_mobile&quot;:{&quot;unit&quot;:&quot;px&quot;,&quot;top&quot;:&quot;&quot;,&quot;right&quot;:&quot;&quot;,&quot;bottom&quot;:&quot;&quot;,&quot;left&quot;:&quot;&quot;,&quot;isLinked&quot;:true},&quot;width_dropdown_item&quot;:{&quot;unit&quot;:&quot;px&quot;,&quot;size&quot;:&quot;220&quot;,&quot;sizes&quot;:[]},&quot;width_dropdown_item_tablet&quot;:{&quot;unit&quot;:&quot;px&quot;,&quot;size&quot;:&quot;&quot;,&quot;sizes&quot;:[]},&quot;width_dropdown_item_mobile&quot;:{&quot;unit&quot;:&quot;px&quot;,&quot;size&quot;:&quot;&quot;,&quot;sizes&quot;:[]},&quot;padding_horizontal_dropdown_item&quot;:{&quot;unit&quot;:&quot;px&quot;,&quot;size&quot;:&quot;&quot;,&quot;sizes&quot;:[]},&quot;padding_horizontal_dropdown_item_tablet&quot;:{&quot;unit&quot;:&quot;px&quot;,&quot;size&quot;:&quot;&quot;,&quot;sizes&quot;:[]},&quot;padding_horizontal_dropdown_item_mobile&quot;:{&quot;unit&quot;:&quot;px&quot;,&quot;size&quot;:&quot;&quot;,&quot;sizes&quot;:[]},&quot;padding_vertical_dropdown_item&quot;:{&quot;unit&quot;:&quot;px&quot;,&quot;size&quot;:15,&quot;sizes&quot;:[]},&quot;padding_vertical_dropdown_item_tablet&quot;:{&quot;unit&quot;:&quot;px&quot;,&quot;size&quot;:&quot;&quot;,&quot;sizes&quot;:[]},&quot;padding_vertical_dropdown_item_mobile&quot;:{&quot;unit&quot;:&quot;px&quot;,&quot;size&quot;:&quot;&quot;,&quot;sizes&quot;:[]},&quot;distance_from_menu&quot;:{&quot;unit&quot;:&quot;px&quot;,&quot;size&quot;:&quot;&quot;,&quot;sizes&quot;:[]},&quot;distance_from_menu_tablet&quot;:{&quot;unit&quot;:&quot;px&quot;,&quot;size&quot;:&quot;&quot;,&quot;sizes&quot;:[]},&quot;distance_from_menu_mobile&quot;:{&quot;unit&quot;:&quot;px&quot;,&quot;size&quot;:&quot;&quot;,&quot;sizes&quot;:[]},&quot;toggle_size&quot;:{&quot;unit&quot;:&quot;px&quot;,&quot;size&quot;:&quot;&quot;,&quot;sizes&quot;:[]},&quot;toggle_size_tablet&quot;:{&quot;unit&quot;:&quot;px&quot;,&quot;size&quot;:&quot;&quot;,&quot;sizes&quot;:[]},&quot;toggle_size_mobile&quot;:{&quot;unit&quot;:&quot;px&quot;,&quot;size&quot;:&quot;&quot;,&quot;sizes&quot;:[]},&quot;toggle_border_width&quot;:{&quot;unit&quot;:&quot;px&quot;,&quot;size&quot;:&quot;&quot;,&quot;sizes&quot;:[]},&quot;toggle_border_width_tablet&quot;:{&quot;unit&quot;:&quot;px&quot;,&quot;size&quot;:&quot;&quot;,&quot;sizes&quot;:[]},&quot;toggle_border_width_mobile&quot;:{&quot;unit&quot;:&quot;px&quot;,&quot;size&quot;:&quot;&quot;,&quot;sizes&quot;:[]},&quot;toggle_border_radius&quot;:{&quot;unit&quot;:&quot;px&quot;,&quot;size&quot;:&quot;&quot;,&quot;sizes&quot;:[]},&quot;toggle_border_radius_tablet&quot;:{&quot;unit&quot;:&quot;px&quot;,&quot;size&quot;:&quot;&quot;,&quot;sizes&quot;:[]},&quot;toggle_border_radius_mobile&quot;:{&quot;unit&quot;:&quot;px&quot;,&quot;size&quot;:&quot;&quot;,&quot;sizes&quot;:[]}}\" data-widget_type=\"navigation-menu.default\">\n\t\t\t\t<div class=\"elementor-widget-container\">\n\t\t\t\t\t\t\t\t<div class=\"hfe-nav-menu hfe-layout-horizontal hfe-nav-menu-layout horizontal hfe-pointer__none\" data-layout=\"horizontal\">\n\t\t\t\t<div role=\"button\" class=\"hfe-nav-menu__toggle elementor-clickable\">\n\t\t\t\t\t<span class=\"screen-reader-text\">Menu<\/span>\n\t\t\t\t\t<div class=\"hfe-nav-menu-icon\">\n\t\t\t\t\t\t<svg aria-hidden=\"true\"  class=\"e-font-icon-svg e-fas-align-justify\" viewBox=\"0 0 448 512\" xmlns=\"http:\/\/www.w3.org\/2000\/svg\"><path d=\"M432 416H16a16 16 0 0 0-16 16v32a16 16 0 0 0 16 16h416a16 16 0 0 0 16-16v-32a16 16 0 0 0-16-16zm0-128H16a16 16 0 0 0-16 16v32a16 16 0 0 0 16 16h416a16 16 0 0 0 16-16v-32a16 16 0 0 0-16-16zm0-128H16a16 16 0 0 0-16 16v32a16 16 0 0 0 16 16h416a16 16 0 0 0 16-16v-32a16 16 0 0 0-16-16zm0-128H16A16 16 0 0 0 0 48v32a16 16 0 0 0 16 16h416a16 16 0 0 0 16-16V48a16 16 0 0 0-16-16z\"><\/path><\/svg>\t\t\t\t\t<\/div>\n\t\t\t\t<\/div>\n\t\t\t\t<nav class=\"hfe-nav-menu__layout-horizontal hfe-nav-menu__submenu-arrow\" data-toggle-icon=\"&lt;svg aria-hidden=&quot;true&quot; tabindex=&quot;0&quot; class=&quot;e-font-icon-svg e-fas-align-justify&quot; viewBox=&quot;0 0 448 512&quot; xmlns=&quot;http:\/\/www.w3.org\/2000\/svg&quot;&gt;&lt;path d=&quot;M432 416H16a16 16 0 0 0-16 16v32a16 16 0 0 0 16 16h416a16 16 0 0 0 16-16v-32a16 16 0 0 0-16-16zm0-128H16a16 16 0 0 0-16 16v32a16 16 0 0 0 16 16h416a16 16 0 0 0 16-16v-32a16 16 0 0 0-16-16zm0-128H16a16 16 0 0 0-16 16v32a16 16 0 0 0 16 16h416a16 16 0 0 0 16-16v-32a16 16 0 0 0-16-16zm0-128H16A16 16 0 0 0 0 48v32a16 16 0 0 0 16 16h416a16 16 0 0 0 16-16V48a16 16 0 0 0-16-16z&quot;&gt;&lt;\/path&gt;&lt;\/svg&gt;\" data-close-icon=\"&lt;svg aria-hidden=&quot;true&quot; tabindex=&quot;0&quot; class=&quot;e-font-icon-svg e-far-window-close&quot; viewBox=&quot;0 0 512 512&quot; xmlns=&quot;http:\/\/www.w3.org\/2000\/svg&quot;&gt;&lt;path d=&quot;M464 32H48C21.5 32 0 53.5 0 80v352c0 26.5 21.5 48 48 48h416c26.5 0 48-21.5 48-48V80c0-26.5-21.5-48-48-48zm0 394c0 3.3-2.7 6-6 6H54c-3.3 0-6-2.7-6-6V86c0-3.3 2.7-6 6-6h404c3.3 0 6 2.7 6 6v340zM356.5 194.6L295.1 256l61.4 61.4c4.6 4.6 4.6 12.1 0 16.8l-22.3 22.3c-4.6 4.6-12.1 4.6-16.8 0L256 295.1l-61.4 61.4c-4.6 4.6-12.1 4.6-16.8 0l-22.3-22.3c-4.6-4.6-4.6-12.1 0-16.8l61.4-61.4-61.4-61.4c-4.6-4.6-4.6-12.1 0-16.8l22.3-22.3c4.6-4.6 12.1-4.6 16.8 0l61.4 61.4 61.4-61.4c4.6-4.6 12.1-4.6 16.8 0l22.3 22.3c4.7 4.6 4.7 12.1 0 16.8z&quot;&gt;&lt;\/path&gt;&lt;\/svg&gt;\" data-full-width=\"yes\">\n\t\t\t\t\t<ul id=\"menu-1-bb8fecd\" class=\"hfe-nav-menu\"><li id=\"menu-item-8\" class=\"menu-item menu-item-type-custom menu-item-object-custom menu-item-home parent hfe-creative-menu\"><a href=\"http:\/\/bemeestar.com.br\/Bemestar\/\" class = \"hfe-menu-item\">Sobre N\u00f3s<\/a><\/li>\n<li id=\"menu-item-38\" class=\"menu-item menu-item-type-post_type menu-item-object-page parent hfe-creative-menu\"><a href=\"https:\/\/bemeestar.com.br\/Bemestar\/sample-page\/principal\/\" class = \"hfe-menu-item\">Principal<\/a><\/li>\n<li id=\"menu-item-105\" class=\"menu-item menu-item-type-post_type menu-item-object-page parent hfe-creative-menu\"><a href=\"https:\/\/bemeestar.com.br\/Bemestar\/junte-se-ao-time\/\" class = \"hfe-menu-item\">Junte-se ao Time<\/a><\/li>\n<li id=\"menu-item-106\" class=\"menu-item menu-item-type-post_type menu-item-object-page parent hfe-creative-menu\"><a href=\"https:\/\/bemeestar.com.br\/Bemestar\/convenios\/\" class = \"hfe-menu-item\">Conv\u00eanios<\/a><\/li>\n<li id=\"menu-item-126\" class=\"menu-item menu-item-type-post_type menu-item-object-page parent hfe-creative-menu\"><a href=\"https:\/\/bemeestar.com.br\/Bemestar\/servicos\/\" class = \"hfe-menu-item\">Servi\u00e7os<\/a><\/li>\n<\/ul> \n\t\t\t\t<\/nav>\n\t\t\t<\/div>\n\t\t\t\t\t\t\t<\/div>\n\t\t\t\t<\/div>\n\t\t\t\t\t<\/div>\n\t\t\t\t<\/div>\n\t\t<div class=\"elementor-element elementor-element-ee9c440 e-flex e-con-boxed e-con e-parent\" data-id=\"ee9c440\" data-element_type=\"container\">\n\t\t\t\t\t<div class=\"e-con-inner\">\n\t\t\t\t<div class=\"elementor-element elementor-element-1a88b54 elementor-widget-divider--view-line elementor-widget elementor-widget-divider\" data-id=\"1a88b54\" data-element_type=\"widget\" data-widget_type=\"divider.default\">\n\t\t\t\t<div class=\"elementor-widget-container\">\n\t\t\t\t\t\t\t<div class=\"elementor-divider\">\n\t\t\t<span class=\"elementor-divider-separator\">\n\t\t\t\t\t\t<\/span>\n\t\t<\/div>\n\t\t\t\t\t\t<\/div>\n\t\t\t\t<\/div>\n\t\t\t\t\t<\/div>\n\t\t\t\t<\/div>\n\t\t<div class=\"elementor-element elementor-element-ff6145d e-flex e-con-boxed e-con e-parent\" data-id=\"ff6145d\" data-element_type=\"container\">\n\t\t\t\t\t<div class=\"e-con-inner\">\n\t\t\t\t<div class=\"elementor-element elementor-element-e422f32 elementor-widget elementor-widget-image\" data-id=\"e422f32\" data-element_type=\"widget\" data-widget_type=\"image.default\">\n\t\t\t\t<div class=\"elementor-widget-container\">\n\t\t\t\t\t\t\t\t\t\t\t\t\t\t\t<img decoding=\"async\" src=\"http:\/\/bemeestar.com.br\/Bemestar\/wp-content\/uploads\/2023\/09\/logo_bem_estar_5.png\" title=\"\" alt=\"\" loading=\"lazy\" \/>\t\t\t\t\t\t\t\t\t\t\t\t\t\t\t<\/div>\n\t\t\t\t<\/div>\n\t\t\t\t\t<\/div>\n\t\t\t\t<\/div>\n\t\t<div class=\"elementor-element elementor-element-66a0dd4 e-flex e-con-boxed e-con e-parent\" data-id=\"66a0dd4\" data-element_type=\"container\" data-settings=\"{&quot;background_background&quot;:&quot;classic&quot;}\">\n\t\t\t\t\t<div class=\"e-con-inner\">\n\t\t\t\t<div class=\"elementor-element elementor-element-882955f elementor-widget-mobile__width-initial elementor-invisible elementor-widget elementor-widget-heading\" data-id=\"882955f\" data-element_type=\"widget\" data-settings=\"{&quot;_animation&quot;:&quot;fadeIn&quot;}\" data-widget_type=\"heading.default\">\n\t\t\t\t<div class=\"elementor-widget-container\">\n\t\t\t\t\t<span class=\"elementor-heading-title elementor-size-small\">Deseja fazer parte de nosso Time ?<\/span>\t\t\t\t<\/div>\n\t\t\t\t<\/div>\n\t\t\t\t\t<\/div>\n\t\t\t\t<\/div>\n\t\t<div class=\"elementor-element elementor-element-bcd7293 e-flex e-con-boxed e-con e-parent\" data-id=\"bcd7293\" data-element_type=\"container\">\n\t\t\t\t\t<div class=\"e-con-inner\">\n\t\t<div class=\"elementor-element elementor-element-7e8d491 e-con-full e-flex e-con e-child\" data-id=\"7e8d491\" data-element_type=\"container\">\n\t\t\t\t<div class=\"elementor-element elementor-element-f35713d elementor-widget elementor-widget-image\" data-id=\"f35713d\" data-element_type=\"widget\" data-widget_type=\"image.default\">\n\t\t\t\t<div class=\"elementor-widget-container\">\n\t\t\t\t\t\t\t\t\t\t\t\t\t\t\t<img decoding=\"async\" src=\"https:\/\/bemeestar.com.br\/Bemestar\/wp-content\/uploads\/2023\/09\/NEIDJA-FOTO-SEM-FUNDO.png\" title=\"NEIDJA-FOTO SEM FUNDO\" alt=\"NEIDJA-FOTO SEM FUNDO\" loading=\"lazy\" \/>\t\t\t\t\t\t\t\t\t\t\t\t\t\t\t<\/div>\n\t\t\t\t<\/div>\n\t\t\t\t<\/div>\n\t\t<div class=\"elementor-element elementor-element-84d9fa8 e-con-full e-flex e-con e-child\" data-id=\"84d9fa8\" data-element_type=\"container\">\n\t\t\t\t<div class=\"elementor-element elementor-element-aa877fc elementor-widget elementor-widget-image\" data-id=\"aa877fc\" data-element_type=\"widget\" data-widget_type=\"image.default\">\n\t\t\t\t<div class=\"elementor-widget-container\">\n\t\t\t\t\t\t\t\t\t\t\t\t\t\t\t<img decoding=\"async\" src=\"https:\/\/bemeestar.com.br\/Bemestar\/wp-content\/uploads\/2023\/09\/EMILLY-FOTO-SEM-FUNDO.png\" title=\"EMILLY-FOTO SEM FUNDO\" alt=\"EMILLY-FOTO SEM FUNDO\" loading=\"lazy\" \/>\t\t\t\t\t\t\t\t\t\t\t\t\t\t\t<\/div>\n\t\t\t\t<\/div>\n\t\t\t\t<\/div>\n\t\t\t\t\t<\/div>\n\t\t\t\t<\/div>\n\t\t<div class=\"elementor-element elementor-element-bfaa72e e-flex e-con-boxed elementor-invisible e-con e-parent\" data-id=\"bfaa72e\" data-element_type=\"container\" data-settings=\"{&quot;background_background&quot;:&quot;classic&quot;,&quot;animation&quot;:&quot;fadeInRight&quot;}\">\n\t\t\t\t\t<div class=\"e-con-inner\">\n\t\t\t\t<div class=\"elementor-element elementor-element-1f89fd9 elementor-invisible elementor-widget elementor-widget-text-editor\" data-id=\"1f89fd9\" data-element_type=\"widget\" data-settings=\"{&quot;_animation&quot;:&quot;fadeInLeft&quot;}\" data-widget_type=\"text-editor.default\">\n\t\t\t\t<div class=\"elementor-widget-container\">\n\t\t\t\t\t\t\t\t\t<p>Envie o seu CV para nosso E-mail : bemestar.selecao@gmail.com<\/p><p>Nossa equipe far\u00e1 toda a an\u00e1lise e entrar\u00e1 em contato com voc\u00ea<\/p>\t\t\t\t\t\t\t\t<\/div>\n\t\t\t\t<\/div>\n\t\t\t\t\t<\/div>\n\t\t\t\t<\/div>\n\t\t<div class=\"elementor-element elementor-element-a1e0d2f e-flex e-con-boxed e-con e-parent\" data-id=\"a1e0d2f\" data-element_type=\"container\">\n\t\t\t\t\t<div class=\"e-con-inner\">\n\t\t\t\t<div class=\"elementor-element elementor-element-66fca0a elementor-widget elementor-widget-google_maps\" data-id=\"66fca0a\" data-element_type=\"widget\" data-widget_type=\"google_maps.default\">\n\t\t\t\t<div class=\"elementor-widget-container\">\n\t\t\t\t\t\t\t<div class=\"elementor-custom-embed\">\n\t\t\t<iframe loading=\"lazy\"\n\t\t\t\t\tsrc=\"https:\/\/maps.google.com\/maps?q=rua%20firmino%20de%20barros%2C%20cordeiro&#038;t=m&#038;z=13&#038;output=embed&#038;iwloc=near\"\n\t\t\t\t\ttitle=\"rua firmino de barros, cordeiro\"\n\t\t\t\t\taria-label=\"rua firmino de barros, cordeiro\"\n\t\t\t><\/iframe>\n\t\t<\/div>\n\t\t\t\t\t\t<\/div>\n\t\t\t\t<\/div>\n\t\t\t\t\t<\/div>\n\t\t\t\t<\/div>\n\t\t\t\t<\/div>\n\t\t","protected":false},"excerpt":{"rendered":"<p>Menu Sobre N\u00f3s Principal Junte-se ao Time Conv\u00eanios Servi\u00e7os Deseja fazer parte de nosso Time ? Envie o seu CV para nosso E-mail : bemestar.selecao@gmail.com Nossa equipe far\u00e1 toda a an\u00e1lise e entrar\u00e1 em contato com voc\u00ea<\/p>\n","protected":false},"author":1,"featured_media":0,"parent":0,"menu_order":0,"comment_status":"closed","ping_status":"closed","template":"elementor_canvas","meta":{"footnotes":""},"class_list":["post-31","page","type-page","status-publish","hentry","entry"],"yoast_head":"<!-- This site is optimized with the Yoast SEO plugin v27.2 - https:\/\/yoast.com\/product\/yoast-seo-wordpress\/ -->\n<title>Junte-se ao Time - Bem&amp;Estar<\/title>\n<meta name=\"robots\" content=\"index, follow, max-snippet:-1, max-image-preview:large, max-video-preview:-1\" \/>\n<link rel=\"canonical\" href=\"http:\/\/bemeestar.com.br\/Bemestar\/junte-se-ao-time\/\" \/>\n<meta property=\"og:locale\" content=\"pt_BR\" \/>\n<meta property=\"og:type\" content=\"article\" \/>\n<meta property=\"og:title\" content=\"Junte-se ao Time - Bem&amp;Estar\" \/>\n<meta property=\"og:description\" content=\"Menu Sobre N\u00f3s Principal Junte-se ao Time Conv\u00eanios Servi\u00e7os Deseja fazer parte de nosso Time ? Envie o seu CV para nosso E-mail : bemestar.selecao@gmail.com Nossa equipe far\u00e1 toda a an\u00e1lise e entrar\u00e1 em contato com voc\u00ea\" \/>\n<meta property=\"og:url\" content=\"http:\/\/bemeestar.com.br\/Bemestar\/junte-se-ao-time\/\" \/>\n<meta property=\"og:site_name\" content=\"Bem&amp;Estar\" \/>\n<meta property=\"article:modified_time\" content=\"2024-02-08T14:50:41+00:00\" \/>\n<meta property=\"og:image\" content=\"http:\/\/bemeestar.com.br\/Bemestar\/wp-content\/uploads\/2023\/09\/logo_bem_estar_5-1024x576.png\" \/>\n<meta name=\"twitter:card\" content=\"summary_large_image\" \/>\n<meta name=\"twitter:label1\" content=\"Est. tempo de leitura\" \/>\n\t<meta name=\"twitter:data1\" content=\"1 minuto\" \/>\n<script type=\"application\/ld+json\" class=\"yoast-schema-graph\">{\"@context\":\"https:\/\/schema.org\",\"@graph\":[{\"@type\":\"WebPage\",\"@id\":\"http:\/\/bemeestar.com.br\/Bemestar\/junte-se-ao-time\/\",\"url\":\"http:\/\/bemeestar.com.br\/Bemestar\/junte-se-ao-time\/\",\"name\":\"Junte-se ao Time - Bem&amp;Estar\",\"isPartOf\":{\"@id\":\"https:\/\/bemeestar.com.br\/Bemestar\/#website\"},\"primaryImageOfPage\":{\"@id\":\"http:\/\/bemeestar.com.br\/Bemestar\/junte-se-ao-time\/#primaryimage\"},\"image\":{\"@id\":\"http:\/\/bemeestar.com.br\/Bemestar\/junte-se-ao-time\/#primaryimage\"},\"thumbnailUrl\":\"http:\/\/bemeestar.com.br\/Bemestar\/wp-content\/uploads\/2023\/09\/logo_bem_estar_5-1024x576.png\",\"datePublished\":\"2023-09-14T14:11:29+00:00\",\"dateModified\":\"2024-02-08T14:50:41+00:00\",\"breadcrumb\":{\"@id\":\"http:\/\/bemeestar.com.br\/Bemestar\/junte-se-ao-time\/#breadcrumb\"},\"inLanguage\":\"pt-BR\",\"potentialAction\":[{\"@type\":\"ReadAction\",\"target\":[\"http:\/\/bemeestar.com.br\/Bemestar\/junte-se-ao-time\/\"]}]},{\"@type\":\"ImageObject\",\"inLanguage\":\"pt-BR\",\"@id\":\"http:\/\/bemeestar.com.br\/Bemestar\/junte-se-ao-time\/#primaryimage\",\"url\":\"\",\"contentUrl\":\"\"},{\"@type\":\"BreadcrumbList\",\"@id\":\"http:\/\/bemeestar.com.br\/Bemestar\/junte-se-ao-time\/#breadcrumb\",\"itemListElement\":[{\"@type\":\"ListItem\",\"position\":1,\"name\":\"In\u00edcio\",\"item\":\"https:\/\/bemeestar.com.br\/Bemestar\/\"},{\"@type\":\"ListItem\",\"position\":2,\"name\":\"Junte-se ao Time\"}]},{\"@type\":\"WebSite\",\"@id\":\"https:\/\/bemeestar.com.br\/Bemestar\/#website\",\"url\":\"https:\/\/bemeestar.com.br\/Bemestar\/\",\"name\":\"Bem&amp;Estar\",\"description\":\"Bem&amp;Estar\",\"publisher\":{\"@id\":\"https:\/\/bemeestar.com.br\/Bemestar\/#organization\"},\"potentialAction\":[{\"@type\":\"SearchAction\",\"target\":{\"@type\":\"EntryPoint\",\"urlTemplate\":\"https:\/\/bemeestar.com.br\/Bemestar\/?s={search_term_string}\"},\"query-input\":{\"@type\":\"PropertyValueSpecification\",\"valueRequired\":true,\"valueName\":\"search_term_string\"}}],\"inLanguage\":\"pt-BR\"},{\"@type\":\"Organization\",\"@id\":\"https:\/\/bemeestar.com.br\/Bemestar\/#organization\",\"name\":\"Bem&amp;Estar\",\"url\":\"https:\/\/bemeestar.com.br\/Bemestar\/\",\"logo\":{\"@type\":\"ImageObject\",\"inLanguage\":\"pt-BR\",\"@id\":\"https:\/\/bemeestar.com.br\/Bemestar\/#\/schema\/logo\/image\/\",\"url\":\"https:\/\/bemeestar.com.br\/Bemestar\/wp-content\/uploads\/2023\/09\/logo_bem_estar_5-1.png\",\"contentUrl\":\"https:\/\/bemeestar.com.br\/Bemestar\/wp-content\/uploads\/2023\/09\/logo_bem_estar_5-1.png\",\"width\":7680,\"height\":4320,\"caption\":\"Bem&amp;Estar\"},\"image\":{\"@id\":\"https:\/\/bemeestar.com.br\/Bemestar\/#\/schema\/logo\/image\/\"},\"sameAs\":[\"https:\/\/www.instagram.com\/bemestar.prh\/\"]}]}<\/script>\n<!-- \/ Yoast SEO plugin. -->","yoast_head_json":{"title":"Junte-se ao Time - Bem&amp;Estar","robots":{"index":"index","follow":"follow","max-snippet":"max-snippet:-1","max-image-preview":"max-image-preview:large","max-video-preview":"max-video-preview:-1"},"canonical":"http:\/\/bemeestar.com.br\/Bemestar\/junte-se-ao-time\/","og_locale":"pt_BR","og_type":"article","og_title":"Junte-se ao Time - Bem&amp;Estar","og_description":"Menu Sobre N\u00f3s Principal Junte-se ao Time Conv\u00eanios Servi\u00e7os Deseja fazer parte de nosso Time ? Envie o seu CV para nosso E-mail : bemestar.selecao@gmail.com Nossa equipe far\u00e1 toda a an\u00e1lise e entrar\u00e1 em contato com voc\u00ea","og_url":"http:\/\/bemeestar.com.br\/Bemestar\/junte-se-ao-time\/","og_site_name":"Bem&amp;Estar","article_modified_time":"2024-02-08T14:50:41+00:00","og_image":[{"url":"http:\/\/bemeestar.com.br\/Bemestar\/wp-content\/uploads\/2023\/09\/logo_bem_estar_5-1024x576.png","type":"","width":"","height":""}],"twitter_card":"summary_large_image","twitter_misc":{"Est. tempo de leitura":"1 minuto"},"schema":{"@context":"https:\/\/schema.org","@graph":[{"@type":"WebPage","@id":"http:\/\/bemeestar.com.br\/Bemestar\/junte-se-ao-time\/","url":"http:\/\/bemeestar.com.br\/Bemestar\/junte-se-ao-time\/","name":"Junte-se ao Time - Bem&amp;Estar","isPartOf":{"@id":"https:\/\/bemeestar.com.br\/Bemestar\/#website"},"primaryImageOfPage":{"@id":"http:\/\/bemeestar.com.br\/Bemestar\/junte-se-ao-time\/#primaryimage"},"image":{"@id":"http:\/\/bemeestar.com.br\/Bemestar\/junte-se-ao-time\/#primaryimage"},"thumbnailUrl":"http:\/\/bemeestar.com.br\/Bemestar\/wp-content\/uploads\/2023\/09\/logo_bem_estar_5-1024x576.png","datePublished":"2023-09-14T14:11:29+00:00","dateModified":"2024-02-08T14:50:41+00:00","breadcrumb":{"@id":"http:\/\/bemeestar.com.br\/Bemestar\/junte-se-ao-time\/#breadcrumb"},"inLanguage":"pt-BR","potentialAction":[{"@type":"ReadAction","target":["http:\/\/bemeestar.com.br\/Bemestar\/junte-se-ao-time\/"]}]},{"@type":"ImageObject","inLanguage":"pt-BR","@id":"http:\/\/bemeestar.com.br\/Bemestar\/junte-se-ao-time\/#primaryimage","url":"","contentUrl":""},{"@type":"BreadcrumbList","@id":"http:\/\/bemeestar.com.br\/Bemestar\/junte-se-ao-time\/#breadcrumb","itemListElement":[{"@type":"ListItem","position":1,"name":"In\u00edcio","item":"https:\/\/bemeestar.com.br\/Bemestar\/"},{"@type":"ListItem","position":2,"name":"Junte-se ao Time"}]},{"@type":"WebSite","@id":"https:\/\/bemeestar.com.br\/Bemestar\/#website","url":"https:\/\/bemeestar.com.br\/Bemestar\/","name":"Bem&amp;Estar","description":"Bem&amp;Estar","publisher":{"@id":"https:\/\/bemeestar.com.br\/Bemestar\/#organization"},"potentialAction":[{"@type":"SearchAction","target":{"@type":"EntryPoint","urlTemplate":"https:\/\/bemeestar.com.br\/Bemestar\/?s={search_term_string}"},"query-input":{"@type":"PropertyValueSpecification","valueRequired":true,"valueName":"search_term_string"}}],"inLanguage":"pt-BR"},{"@type":"Organization","@id":"https:\/\/bemeestar.com.br\/Bemestar\/#organization","name":"Bem&amp;Estar","url":"https:\/\/bemeestar.com.br\/Bemestar\/","logo":{"@type":"ImageObject","inLanguage":"pt-BR","@id":"https:\/\/bemeestar.com.br\/Bemestar\/#\/schema\/logo\/image\/","url":"https:\/\/bemeestar.com.br\/Bemestar\/wp-content\/uploads\/2023\/09\/logo_bem_estar_5-1.png","contentUrl":"https:\/\/bemeestar.com.br\/Bemestar\/wp-content\/uploads\/2023\/09\/logo_bem_estar_5-1.png","width":7680,"height":4320,"caption":"Bem&amp;Estar"},"image":{"@id":"https:\/\/bemeestar.com.br\/Bemestar\/#\/schema\/logo\/image\/"},"sameAs":["https:\/\/www.instagram.com\/bemestar.prh\/"]}]}},"_links":{"self":[{"href":"https:\/\/bemeestar.com.br\/Bemestar\/wp-json\/wp\/v2\/pages\/31","targetHints":{"allow":["GET"]}}],"collection":[{"href":"https:\/\/bemeestar.com.br\/Bemestar\/wp-json\/wp\/v2\/pages"}],"about":[{"href":"https:\/\/bemeestar.com.br\/Bemestar\/wp-json\/wp\/v2\/types\/page"}],"author":[{"embeddable":true,"href":"https:\/\/bemeestar.com.br\/Bemestar\/wp-json\/wp\/v2\/users\/1"}],"replies":[{"embeddable":true,"href":"https:\/\/bemeestar.com.br\/Bemestar\/wp-json\/wp\/v2\/comments?post=31"}],"version-history":[{"count":22,"href":"https:\/\/bemeestar.com.br\/Bemestar\/wp-json\/wp\/v2\/pages\/31\/revisions"}],"predecessor-version":[{"id":234,"href":"https:\/\/bemeestar.com.br\/Bemestar\/wp-json\/wp\/v2\/pages\/31\/revisions\/234"}],"wp:attachment":[{"href":"https:\/\/bemeestar.com.br\/Bemestar\/wp-json\/wp\/v2\/media?parent=31"}],"curies":[{"name":"wp","href":"https:\/\/api.w.org\/{rel}","templated":true}]}}